{"id":8,"date":"2020-05-30T04:58:58","date_gmt":"2020-05-30T04:58:58","guid":{"rendered":"https:\/\/estacioneskio.com.pe\/promociones\/?page_id=8"},"modified":"2021-06-10T19:47:21","modified_gmt":"2021-06-11T00:47:21","slug":"home","status":"publish","type":"page","link":"https:\/\/estacioneskio.com.pe\/promociones\/","title":{"rendered":"Home"},"content":{"rendered":"\t\t<div data-elementor-type=\"wp-page\" data-elementor-id=\"8\" class=\"elementor elementor-8\" data-elementor-post-type=\"page\">\n\t\t\t\t\t\t<section data-particle_enable=\"false\" data-particle-mobile-disabled=\"false\" class=\"elementor-section elementor-top-section elementor-element elementor-element-a3f6816 elementor-section-stretched elementor-section-height-min-height elementor-hidden-desktop elementor-section-boxed elementor-section-height-default elementor-section-items-middle\" data-id=\"a3f6816\" data-element_type=\"section\" data-e-type=\"section\" data-settings=\"{&quot;stretch_section&quot;:&quot;section-stretched&quot;,&quot;background_background&quot;:&quot;gradient&quot;}\">\n\t\t\t\t\t\t<div class=\"elementor-container elementor-column-gap-default\">\n\t\t\t\t\t<div class=\"elementor-column elementor-col-100 elementor-top-column elementor-element elementor-element-ee3d0d3\" data-id=\"ee3d0d3\" data-element_type=\"column\" data-e-type=\"column\">\n\t\t\t<div class=\"elementor-widget-wrap elementor-element-populated\">\n\t\t\t\t\t\t<div class=\"elementor-element elementor-element-b04d282 elementor-widget elementor-widget-heading\" data-id=\"b04d282\" data-element_type=\"widget\" data-e-type=\"widget\" data-widget_type=\"heading.default\">\n\t\t\t\t<div class=\"elementor-widget-container\">\n\t\t\t\t\t<h2 class=\"elementor-heading-title elementor-size-default\">P\u00e1gina en\nConstrucci\u00f3n<\/h2>\t\t\t\t<\/div>\n\t\t\t\t<\/div>\n\t\t\t\t<div class=\"elementor-element elementor-element-f4c4e9c elementor-widget elementor-widget-text-editor\" data-id=\"f4c4e9c\" data-element_type=\"widget\" data-e-type=\"widget\" data-widget_type=\"text-editor.default\">\n\t\t\t\t<div class=\"elementor-widget-container\">\n\t\t\t\t\t\t\t\t\tEstamos trabajando para brindarte la mejor experiencia en un sitio web donde podr\u00e1s conocer todos nuestros servicios, direcciones de estaciones y toda la informaci\u00f3n que necesites para mantenerte siempre con toda la #EnergiaParaContinuar\n \n<br><b>Te invitamos a ver nuestras promociones vigentes haciendo clic en el siguiente bot\u00f3n:<\/b><br>\t\t\t\t\t\t\t\t<\/div>\n\t\t\t\t<\/div>\n\t\t\t\t<div class=\"elementor-element elementor-element-def57b0 elementor-align-center elementor-widget elementor-widget-button\" data-id=\"def57b0\" data-element_type=\"widget\" data-e-type=\"widget\" data-widget_type=\"button.default\">\n\t\t\t\t<div class=\"elementor-widget-container\">\n\t\t\t\t\t\t\t\t\t<div class=\"elementor-button-wrapper\">\n\t\t\t\t\t<a class=\"elementor-button elementor-button-link elementor-size-sm elementor-animation-grow\" href=\"\/promos\">\n\t\t\t\t\t\t<span class=\"elementor-button-content-wrapper\">\n\t\t\t\t\t\t<span class=\"elementor-button-icon\">\n\t\t\t\t<i aria-hidden=\"true\" class=\"fas fa-long-arrow-alt-right\"><\/i>\t\t\t<\/span>\n\t\t\t\t\t\t\t\t\t<span class=\"elementor-button-text\">Ir a Promociones<\/span>\n\t\t\t\t\t<\/span>\n\t\t\t\t\t<\/a>\n\t\t\t\t<\/div>\n\t\t\t\t\t\t\t\t<\/div>\n\t\t\t\t<\/div>\n\t\t\t\t<div class=\"elementor-element elementor-element-7421c48 elementor-widget elementor-widget-spacer\" data-id=\"7421c48\" data-element_type=\"widget\" data-e-type=\"widget\" data-widget_type=\"spacer.default\">\n\t\t\t\t<div class=\"elementor-widget-container\">\n\t\t\t\t\t\t\t<div class=\"elementor-spacer\">\n\t\t\t<div class=\"elementor-spacer-inner\"><\/div>\n\t\t<\/div>\n\t\t\t\t\t\t<\/div>\n\t\t\t\t<\/div>\n\t\t\t\t\t<\/div>\n\t\t<\/div>\n\t\t\t\t\t<\/div>\n\t\t<\/section>\n\t\t\t\t<section data-particle_enable=\"false\" data-particle-mobile-disabled=\"false\" class=\"elementor-section elementor-top-section elementor-element elementor-element-76dfac0 elementor-hidden-desktop elementor-hidden-tablet elementor-section-boxed elementor-section-height-default elementor-section-height-default\" data-id=\"76dfac0\" data-element_type=\"section\" data-e-type=\"section\">\n\t\t\t\t\t\t<div class=\"elementor-container elementor-column-gap-default\">\n\t\t\t\t\t<div class=\"elementor-column elementor-col-100 elementor-top-column elementor-element elementor-element-bea9a2e\" data-id=\"bea9a2e\" data-element_type=\"column\" data-e-type=\"column\">\n\t\t\t<div class=\"elementor-widget-wrap elementor-element-populated\">\n\t\t\t\t\t\t<div class=\"elementor-element elementor-element-9bd7a4a elementor-widget elementor-widget-image\" data-id=\"9bd7a4a\" data-element_type=\"widget\" data-e-type=\"widget\" data-widget_type=\"image.default\">\n\t\t\t\t<div class=\"elementor-widget-container\">\n\t\t\t\t\t\t\t\t\t\t\t\t\t\t\t\t<a href=\"https:\/\/kiogroup.com.pe\/\">\n\t\t\t\t\t\t\t<img fetchpriority=\"high\" decoding=\"async\" width=\"648\" height=\"106\" src=\"https:\/\/estacioneskio.com.pe\/promociones\/wp-content\/uploads\/2020\/06\/Component-31-\u2013-1@2x.png\" class=\"attachment-full size-full wp-image-351\" alt=\"\" srcset=\"https:\/\/estacioneskio.com.pe\/promociones\/wp-content\/uploads\/2020\/06\/Component-31-\u2013-1@2x.png 648w, https:\/\/estacioneskio.com.pe\/promociones\/wp-content\/uploads\/2020\/06\/Component-31-\u2013-1@2x-300x49.png 300w, https:\/\/estacioneskio.com.pe\/promociones\/wp-content\/uploads\/2020\/06\/Component-31-\u2013-1@2x-600x98.png 600w, https:\/\/estacioneskio.com.pe\/promociones\/wp-content\/uploads\/2020\/06\/Component-31-\u2013-1@2x-640x106.png 640w\" sizes=\"(max-width: 648px) 100vw, 648px\" \/>\t\t\t\t\t\t\t\t<\/a>\n\t\t\t\t\t\t\t\t\t\t\t\t\t\t\t<\/div>\n\t\t\t\t<\/div>\n\t\t\t\t\t<\/div>\n\t\t<\/div>\n\t\t\t\t\t<\/div>\n\t\t<\/section>\n\t\t\t\t<section data-particle_enable=\"false\" data-particle-mobile-disabled=\"false\" class=\"elementor-section elementor-top-section elementor-element elementor-element-43a5a4a elementor-section-stretched elementor-section-height-min-height elementor-section-items-top elementor-hidden-phone elementor-hidden-tablet elementor-section-boxed elementor-section-height-default\" data-id=\"43a5a4a\" data-element_type=\"section\" data-e-type=\"section\" data-settings=\"{&quot;stretch_section&quot;:&quot;section-stretched&quot;,&quot;background_background&quot;:&quot;classic&quot;}\">\n\t\t\t\t\t\t<div class=\"elementor-container elementor-column-gap-wide\">\n\t\t\t\t\t<div class=\"elementor-column elementor-col-50 elementor-top-column elementor-element elementor-element-e4cf32b\" data-id=\"e4cf32b\" data-element_type=\"column\" data-e-type=\"column\">\n\t\t\t<div class=\"elementor-widget-wrap elementor-element-populated\">\n\t\t\t\t\t\t<div class=\"elementor-element elementor-element-c01895d elementor-widget elementor-widget-heading\" data-id=\"c01895d\" data-element_type=\"widget\" data-e-type=\"widget\" data-widget_type=\"heading.default\">\n\t\t\t\t<div class=\"elementor-widget-container\">\n\t\t\t\t\t<h2 class=\"elementor-heading-title elementor-size-default\">P\u00e1gina en\nConstrucci\u00f3n<\/h2>\t\t\t\t<\/div>\n\t\t\t\t<\/div>\n\t\t\t\t<div class=\"elementor-element elementor-element-e36d435 elementor-widget elementor-widget-text-editor\" data-id=\"e36d435\" data-element_type=\"widget\" data-e-type=\"widget\" data-widget_type=\"text-editor.default\">\n\t\t\t\t<div class=\"elementor-widget-container\">\n\t\t\t\t\t\t\t\t\t<p>Estamos trabajando para brindarte la mejor experiencia en un sitio web donde podr\u00e1s conocer todos nuestros servicios, direcciones de estaciones y toda la informaci\u00f3n que necesites para mantenerte siempre con toda la #EnergiaParaContinuar<\/p><p>Te invitamos a ver nuestras promociones vigentes haciendo clic en el siguiente bot\u00f3n:<\/p>\t\t\t\t\t\t\t\t<\/div>\n\t\t\t\t<\/div>\n\t\t\t\t<div class=\"elementor-element elementor-element-2e91641 elementor-align-left elementor-widget elementor-widget-button\" data-id=\"2e91641\" data-element_type=\"widget\" data-e-type=\"widget\" data-widget_type=\"button.default\">\n\t\t\t\t<div class=\"elementor-widget-container\">\n\t\t\t\t\t\t\t\t\t<div class=\"elementor-button-wrapper\">\n\t\t\t\t\t<a class=\"elementor-button elementor-button-link elementor-size-sm elementor-animation-grow\" href=\"\/promociones\/promos\">\n\t\t\t\t\t\t<span class=\"elementor-button-content-wrapper\">\n\t\t\t\t\t\t<span class=\"elementor-button-icon\">\n\t\t\t\t<i aria-hidden=\"true\" class=\"fas fa-long-arrow-alt-right\"><\/i>\t\t\t<\/span>\n\t\t\t\t\t\t\t\t\t<span class=\"elementor-button-text\">Ir a Promociones<\/span>\n\t\t\t\t\t<\/span>\n\t\t\t\t\t<\/a>\n\t\t\t\t<\/div>\n\t\t\t\t\t\t\t\t<\/div>\n\t\t\t\t<\/div>\n\t\t\t\t\t<\/div>\n\t\t<\/div>\n\t\t\t\t<div class=\"elementor-column elementor-col-50 elementor-top-column elementor-element elementor-element-a7c7da2\" data-id=\"a7c7da2\" data-element_type=\"column\" data-e-type=\"column\">\n\t\t\t<div class=\"elementor-widget-wrap elementor-element-populated\">\n\t\t\t\t\t\t<div class=\"elementor-element elementor-element-2dd6a4d elementor-widget elementor-widget-spacer\" data-id=\"2dd6a4d\" data-element_type=\"widget\" data-e-type=\"widget\" data-widget_type=\"spacer.default\">\n\t\t\t\t<div class=\"elementor-widget-container\">\n\t\t\t\t\t\t\t<div class=\"elementor-spacer\">\n\t\t\t<div class=\"elementor-spacer-inner\"><\/div>\n\t\t<\/div>\n\t\t\t\t\t\t<\/div>\n\t\t\t\t<\/div>\n\t\t\t\t<div class=\"elementor-element elementor-element-e601df8 elementor-widget elementor-widget-image\" data-id=\"e601df8\" data-element_type=\"widget\" data-e-type=\"widget\" data-widget_type=\"image.default\">\n\t\t\t\t<div class=\"elementor-widget-container\">\n\t\t\t\t\t\t\t\t\t\t\t\t\t\t\t\t<a href=\"https:\/\/kiogroup.com.pe\/\">\n\t\t\t\t\t\t\t<img fetchpriority=\"high\" decoding=\"async\" width=\"648\" height=\"106\" src=\"https:\/\/estacioneskio.com.pe\/promociones\/wp-content\/uploads\/2020\/06\/Component-31-\u2013-1@2x.png\" class=\"attachment-full size-full wp-image-351\" alt=\"\" srcset=\"https:\/\/estacioneskio.com.pe\/promociones\/wp-content\/uploads\/2020\/06\/Component-31-\u2013-1@2x.png 648w, https:\/\/estacioneskio.com.pe\/promociones\/wp-content\/uploads\/2020\/06\/Component-31-\u2013-1@2x-300x49.png 300w, https:\/\/estacioneskio.com.pe\/promociones\/wp-content\/uploads\/2020\/06\/Component-31-\u2013-1@2x-600x98.png 600w, https:\/\/estacioneskio.com.pe\/promociones\/wp-content\/uploads\/2020\/06\/Component-31-\u2013-1@2x-640x106.png 640w\" sizes=\"(max-width: 648px) 100vw, 648px\" \/>\t\t\t\t\t\t\t\t<\/a>\n\t\t\t\t\t\t\t\t\t\t\t\t\t\t\t<\/div>\n\t\t\t\t<\/div>\n\t\t\t\t\t<\/div>\n\t\t<\/div>\n\t\t\t\t\t<\/div>\n\t\t<\/section>\n\t\t\t\t<\/div>\n\t\t","protected":false},"excerpt":{"rendered":"<p>P\u00e1gina en Construcci\u00f3n Estamos trabajando para brindarte la mejor experiencia en un sitio web donde podr\u00e1s conocer todos nuestros servicios, direcciones de estaciones y toda la informaci\u00f3n que necesites para mantenerte siempre con toda la #EnergiaParaContinuar Te invitamos a ver nuestras promociones vigentes haciendo clic en el siguiente bot\u00f3n: Ir a Promociones P\u00e1gina en Construcci\u00f3n [&hellip;]<\/p>\n","protected":false},"author":2,"featured_media":366,"parent":0,"menu_order":0,"comment_status":"closed","ping_status":"closed","template":"elementor_header_footer","meta":{"content-type":"","footnotes":""},"class_list":["post-8","page","type-page","status-publish","has-post-thumbnail","hentry"],"_links":{"self":[{"href":"https:\/\/estacioneskio.com.pe\/promociones\/wp-json\/wp\/v2\/pages\/8","targetHints":{"allow":["GET"]}}],"collection":[{"href":"https:\/\/estacioneskio.com.pe\/promociones\/wp-json\/wp\/v2\/pages"}],"about":[{"href":"https:\/\/estacioneskio.com.pe\/promociones\/wp-json\/wp\/v2\/types\/page"}],"author":[{"embeddable":true,"href":"https:\/\/estacioneskio.com.pe\/promociones\/wp-json\/wp\/v2\/users\/2"}],"replies":[{"embeddable":true,"href":"https:\/\/estacioneskio.com.pe\/promociones\/wp-json\/wp\/v2\/comments?post=8"}],"version-history":[{"count":8,"href":"https:\/\/estacioneskio.com.pe\/promociones\/wp-json\/wp\/v2\/pages\/8\/revisions"}],"predecessor-version":[{"id":11955,"href":"https:\/\/estacioneskio.com.pe\/promociones\/wp-json\/wp\/v2\/pages\/8\/revisions\/11955"}],"wp:featuredmedia":[{"embeddable":true,"href":"https:\/\/estacioneskio.com.pe\/promociones\/wp-json\/wp\/v2\/media\/366"}],"wp:attachment":[{"href":"https:\/\/estacioneskio.com.pe\/promociones\/wp-json\/wp\/v2\/media?parent=8"}],"curies":[{"name":"wp","href":"https:\/\/api.w.org\/{rel}","templated":true}]}}